{"id":595,"date":"2021-11-25T16:53:56","date_gmt":"2021-11-25T15:53:56","guid":{"rendered":"https:\/\/www.courtmln.com\/shop\/?page_id=595"},"modified":"2022-02-01T17:40:22","modified_gmt":"2022-02-01T16:40:22","slug":"mission","status":"publish","type":"page","link":"https:\/\/www.courtmln.com\/shop\/mission\/","title":{"rendered":"MISSION"},"content":{"rendered":"\t\t<div data-elementor-type=\"wp-page\" data-elementor-id=\"595\" class=\"elementor elementor-595\" data-elementor-settings=\"[]\">\n\t\t\t\t\t\t\t<div class=\"elementor-section-wrap\">\n\t\t\t\t\t\t\t<section class=\"elementor-section elementor-top-section elementor-element elementor-element-b006d8e elementor-section-boxed elementor-section-height-default elementor-section-height-default\" data-id=\"b006d8e\" data-element_type=\"section\">\n\t\t\t\t\t\t<div class=\"elementor-container elementor-column-gap-default\">\n\t\t\t\t\t<div class=\"elementor-column elementor-col-100 elementor-top-column elementor-element elementor-element-e8e09fa\" data-id=\"e8e09fa\" data-element_type=\"column\">\n\t\t\t<div class=\"elementor-widget-wrap elementor-element-populated\">\n\t\t\t\t\t\t\t\t<div class=\"elementor-element elementor-element-5bb3380 elementor-widget elementor-widget-heading\" data-id=\"5bb3380\" data-element_type=\"widget\" data-widget_type=\"heading.default\">\n\t\t\t\t<div class=\"elementor-widget-container\">\n\t\t\t<style>\/*! elementor - v3.5.4 - 23-01-2022 *\/\n.elementor-heading-title{padding:0;margin:0;line-height:1}.elementor-widget-heading .elementor-heading-title[class*=elementor-size-]>a{color:inherit;font-size:inherit;line-height:inherit}.elementor-widget-heading .elementor-heading-title.elementor-size-small{font-size:15px}.elementor-widget-heading .elementor-heading-title.elementor-size-medium{font-size:19px}.elementor-widget-heading .elementor-heading-title.elementor-size-large{font-size:29px}.elementor-widget-heading .elementor-heading-title.elementor-size-xl{font-size:39px}.elementor-widget-heading .elementor-heading-title.elementor-size-xxl{font-size:59px}<\/style><h2 class=\"elementor-heading-title elementor-size-default\">UNIRE E FAR CRESCERE LA <b>BASKETBALL COMMUNITY ITALIANA<\/b>\nATTRAVERSO UNA <b>CULTURA INCLUSIVA<\/b>.\nL\u2019INNOVATIVO <b>COURT MLN<\/b> \u00c8 UN SUPPORTO\nPER <b>GIOCATORI, FAMIGLIE E SOCIET\u00c0<\/b> SENZA PRECEDENTI.<\/h2>\t\t<\/div>\n\t\t\t\t<\/div>\n\t\t\t\t\t<\/div>\n\t\t<\/div>\n\t\t\t\t\t\t\t<\/div>\n\t\t<\/section>\n\t\t\t\t<section class=\"elementor-section elementor-top-section elementor-element elementor-element-8f3b3d7 elementor-section-boxed elementor-section-height-default elementor-section-height-default\" data-id=\"8f3b3d7\" data-element_type=\"section\">\n\t\t\t\t\t\t<div class=\"elementor-container elementor-column-gap-no\">\n\t\t\t\t\t<div class=\"elementor-column elementor-col-50 elementor-top-column elementor-element elementor-element-fba4c90\" data-id=\"fba4c90\" data-element_type=\"column\">\n\t\t\t<div class=\"elementor-widget-wrap elementor-element-populated\">\n\t\t\t\t\t\t\t\t<section class=\"elementor-section elementor-inner-section elementor-element elementor-element-8f0f1ae elementor-section-boxed elementor-section-height-default elementor-section-height-default\" data-id=\"8f0f1ae\" data-element_type=\"section\">\n\t\t\t\t\t\t<div class=\"elementor-container elementor-column-gap-no\">\n\t\t\t\t\t<div class=\"elementor-column elementor-col-100 elementor-inner-column elementor-element elementor-element-20720df\" data-id=\"20720df\" data-element_type=\"column\">\n\t\t\t<div class=\"elementor-widget-wrap elementor-element-populated\">\n\t\t\t\t\t\t\t\t<div class=\"elementor-element elementor-element-83f9e5e elementor-widget elementor-widget-text-editor\" data-id=\"83f9e5e\" data-element_type=\"widget\" data-widget_type=\"text-editor.default\">\n\t\t\t\t<div class=\"elementor-widget-container\">\n\t\t\t<style>\/*! elementor - v3.5.4 - 23-01-2022 *\/\n.elementor-widget-text-editor.elementor-drop-cap-view-stacked .elementor-drop-cap{background-color:#818a91;color:#fff}.elementor-widget-text-editor.elementor-drop-cap-view-framed .elementor-drop-cap{color:#818a91;border:3px solid;background-color:transparent}.elementor-widget-text-editor:not(.elementor-drop-cap-view-default) .elementor-drop-cap{margin-top:8px}.elementor-widget-text-editor:not(.elementor-drop-cap-view-default) .elementor-drop-cap-letter{width:1em;height:1em}.elementor-widget-text-editor .elementor-drop-cap{float:left;text-align:center;line-height:1;font-size:50px}.elementor-widget-text-editor .elementor-drop-cap-letter{display:inline-block}<\/style>\t\t\t\t\u00c9 IMPORTANTE RICORDARE CHE IL NOSTRO SCOPO NON \u00c8 INSEGNARE A GIOCARE A BASKET.\n<p><\/p>\nPROTEGGEREMO I SOGNI DEI RAGAZZI AIUTANDOLI A COSTRUIRE IL LORO CARATTERE E LA LORO AUTOSTIMA.\t\t\t\t\t\t<\/div>\n\t\t\t\t<\/div>\n\t\t\t\t\t<\/div>\n\t\t<\/div>\n\t\t\t\t\t\t\t<\/div>\n\t\t<\/section>\n\t\t\t\t<div class=\"elementor-element elementor-element-9091eba elementor-widget elementor-widget-emage_hover_effects\" data-id=\"9091eba\" data-element_type=\"widget\" data-widget_type=\"emage_hover_effects.default\">\n\t\t\t\t<div class=\"elementor-widget-container\">\n\t\t\t\r\n\t\t\t<div class=\"imghvr-wrapper\">\r\n\t\t\t\t<div class=\"imghvr\">\r\n\t\t\t\t\t\t\t\t\t\t<div class=\"imghvr-overlay imghvr-anim-fade-in imghvr-anim-single\">\r\n\t\t\t\t\t\t<div><\/div>\r\n\t\t\t\t\t<\/div>\r\n\t\t\t\t\t\t\t\t\t\t<div class=\"imghvr-content-wrapper imghvr-content-center imghvr-anim-fade-in\">\r\n\t\t\t\t\t\t\r\n\t\t\t<a href=\"https:\/\/www.courtmln.com\/shop\/wp-content\/uploads\/2021\/11\/mission-court-milano.jpg\" data-elementor-open-lightbox=\"yes\" data-elementor-lightbox-title=\"mission-court-milano\" class=\"imghvr-link\"><\/a>\r\n\r\n\t\t\t\t\t\t\t\t\t\r\n\t\t\t<div class=\"imghvr-icon ih-delay-zero imghvr-anim-none\"><i class=\"fas fa-search-plus\"><\/i><\/div>\r\n\r\n\t\t\t\t\t\t\t\t\t\t\t\t\t\t<\/div>\r\n\t\t\t\t\t<img loading=\"lazy\" decoding=\"async\" width=\"1200\" height=\"800\" src=\"https:\/\/www.courtmln.com\/shop\/wp-content\/uploads\/2021\/11\/mission-court-milano.jpg\" class=\"imghvr-anim-none imghvr-anim-none attachment-large size-large\" alt=\"mission\" srcset=\"https:\/\/www.courtmln.com\/shop\/wp-content\/uploads\/2021\/11\/mission-court-milano.jpg 1200w, https:\/\/www.courtmln.com\/shop\/wp-content\/uploads\/2021\/11\/mission-court-milano-600x400.jpg 600w, https:\/\/www.courtmln.com\/shop\/wp-content\/uploads\/2021\/11\/mission-court-milano-768x512.jpg 768w\" sizes=\"auto, (max-width: 1200px) 100vw, 1200px\" \/>\t\t\t\t<\/div>\r\n\t\t\t<\/div>\r\n\r\n\t\t\t\t\t<\/div>\n\t\t\t\t<\/div>\n\t\t\t\t\t<\/div>\n\t\t<\/div>\n\t\t\t\t<div class=\"elementor-column elementor-col-50 elementor-top-column elementor-element elementor-element-06a3eee\" data-id=\"06a3eee\" data-element_type=\"column\">\n\t\t\t<div class=\"elementor-widget-wrap elementor-element-populated\">\n\t\t\t\t\t\t\t\t<section class=\"elementor-section elementor-inner-section elementor-element elementor-element-7049854 elementor-section-boxed elementor-section-height-default elementor-section-height-default\" data-id=\"7049854\" data-element_type=\"section\">\n\t\t\t\t\t\t<div class=\"elementor-container elementor-column-gap-no\">\n\t\t\t\t\t<div class=\"elementor-column elementor-col-50 elementor-inner-column elementor-element elementor-element-ee484a7\" data-id=\"ee484a7\" data-element_type=\"column\">\n\t\t\t<div class=\"elementor-widget-wrap elementor-element-populated\">\n\t\t\t\t\t\t\t\t<div class=\"elementor-element elementor-element-8fbf427 elementor-widget elementor-widget-emage_hover_effects\" data-id=\"8fbf427\" data-element_type=\"widget\" data-widget_type=\"emage_hover_effects.default\">\n\t\t\t\t<div class=\"elementor-widget-container\">\n\t\t\t\r\n\t\t\t<div class=\"imghvr-wrapper\">\r\n\t\t\t\t<div class=\"imghvr\">\r\n\t\t\t\t\t\t\t\t\t\t<div class=\"imghvr-overlay imghvr-anim-fade-in imghvr-anim-single\">\r\n\t\t\t\t\t\t<div><\/div>\r\n\t\t\t\t\t<\/div>\r\n\t\t\t\t\t\t\t\t\t\t<div class=\"imghvr-content-wrapper imghvr-content-center imghvr-anim-fade-in\">\r\n\t\t\t\t\t\t\r\n\t\t\t<a href=\"https:\/\/www.courtmln.com\/shop\/wp-content\/uploads\/2021\/11\/mission-court-milano-1.jpg\" data-elementor-open-lightbox=\"yes\" data-elementor-lightbox-title=\"mission-court-milano-1\" class=\"imghvr-link\"><\/a>\r\n\r\n\t\t\t\t\t\t\t\t\t\r\n\t\t\t<div class=\"imghvr-icon ih-delay-zero imghvr-anim-none\"><i class=\"fas fa-search-plus\"><\/i><\/div>\r\n\r\n\t\t\t\t\t\t\t\t\t\t\t\t\t\t<\/div>\r\n\t\t\t\t\t<img loading=\"lazy\" decoding=\"async\" width=\"960\" height=\"1200\" src=\"https:\/\/www.courtmln.com\/shop\/wp-content\/uploads\/2021\/11\/mission-court-milano-1.jpg\" class=\"imghvr-anim-none imghvr-anim-none attachment-large size-large\" alt=\"court mln\" srcset=\"https:\/\/www.courtmln.com\/shop\/wp-content\/uploads\/2021\/11\/mission-court-milano-1.jpg 960w, https:\/\/www.courtmln.com\/shop\/wp-content\/uploads\/2021\/11\/mission-court-milano-1-480x600.jpg 480w, https:\/\/www.courtmln.com\/shop\/wp-content\/uploads\/2021\/11\/mission-court-milano-1-768x960.jpg 768w, https:\/\/www.courtmln.com\/shop\/wp-content\/uploads\/2021\/11\/mission-court-milano-1-600x750.jpg 600w\" sizes=\"auto, (max-width: 960px) 100vw, 960px\" \/>\t\t\t\t<\/div>\r\n\t\t\t<\/div>\r\n\r\n\t\t\t\t\t<\/div>\n\t\t\t\t<\/div>\n\t\t\t\t\t<\/div>\n\t\t<\/div>\n\t\t\t\t<div class=\"elementor-column elementor-col-50 elementor-inner-column elementor-element elementor-element-ebd374e\" data-id=\"ebd374e\" data-element_type=\"column\">\n\t\t\t<div class=\"elementor-widget-wrap elementor-element-populated\">\n\t\t\t\t\t\t\t\t<div class=\"elementor-element elementor-element-ecb6de6 elementor-widget elementor-widget-emage_hover_effects\" data-id=\"ecb6de6\" data-element_type=\"widget\" data-widget_type=\"emage_hover_effects.default\">\n\t\t\t\t<div class=\"elementor-widget-container\">\n\t\t\t\r\n\t\t\t<div class=\"imghvr-wrapper\">\r\n\t\t\t\t<div class=\"imghvr\">\r\n\t\t\t\t\t\t\t\t\t\t<div class=\"imghvr-overlay imghvr-anim-fade-in imghvr-anim-single\">\r\n\t\t\t\t\t\t<div><\/div>\r\n\t\t\t\t\t<\/div>\r\n\t\t\t\t\t\t\t\t\t\t<div class=\"imghvr-content-wrapper imghvr-content-center imghvr-anim-fade-in\">\r\n\t\t\t\t\t\t\r\n\t\t\t<a href=\"https:\/\/www.courtmln.com\/shop\/wp-content\/uploads\/2021\/11\/mission-court-mln.jpg\" data-elementor-open-lightbox=\"yes\" data-elementor-lightbox-title=\"mission-court-mln\" class=\"imghvr-link\"><\/a>\r\n\r\n\t\t\t\t\t\t\t\t\t\r\n\t\t\t<div class=\"imghvr-icon ih-delay-zero imghvr-anim-none\"><i class=\"fas fa-search-plus\"><\/i><\/div>\r\n\r\n\t\t\t\t\t\t\t\t\t\t\t\t\t\t<\/div>\r\n\t\t\t\t\t<img loading=\"lazy\" decoding=\"async\" width=\"960\" height=\"1200\" src=\"https:\/\/www.courtmln.com\/shop\/wp-content\/uploads\/2021\/11\/mission-court-mln.jpg\" class=\"imghvr-anim-none imghvr-anim-none attachment-large size-large\" alt=\"court mln\" srcset=\"https:\/\/www.courtmln.com\/shop\/wp-content\/uploads\/2021\/11\/mission-court-mln.jpg 960w, https:\/\/www.courtmln.com\/shop\/wp-content\/uploads\/2021\/11\/mission-court-mln-480x600.jpg 480w, https:\/\/www.courtmln.com\/shop\/wp-content\/uploads\/2021\/11\/mission-court-mln-768x960.jpg 768w, https:\/\/www.courtmln.com\/shop\/wp-content\/uploads\/2021\/11\/mission-court-mln-600x750.jpg 600w\" sizes=\"auto, (max-width: 960px) 100vw, 960px\" \/>\t\t\t\t<\/div>\r\n\t\t\t<\/div>\r\n\r\n\t\t\t\t\t<\/div>\n\t\t\t\t<\/div>\n\t\t\t\t\t<\/div>\n\t\t<\/div>\n\t\t\t\t\t\t\t<\/div>\n\t\t<\/section>\n\t\t\t\t<div class=\"elementor-element elementor-element-650adb5 elementor-widget elementor-widget-text-editor\" data-id=\"650adb5\" data-element_type=\"widget\" data-widget_type=\"text-editor.default\">\n\t\t\t\t<div class=\"elementor-widget-container\">\n\t\t\t\t\t\t\t<h5>LE NOSTRE PROMESSE<\/h5>\n\n<ul>\n<li >Rispettare le relazioni, le persone e il mondo che ci circonda.<br><br><\/li>\n<li >Coltivare interessi, inclusivit\u00e0 e creativit\u00e0 \u00e8 la nostra definizione di successo.<br><br><\/li>\n<li >Fornire a giocatori, allenatori e famiglie un ambiente positivo dove poter esprimere il proprio potenziale.<br><br><\/li>\n<li \">Aiutare la nostra comunit\u00e0 a credere nei propri sogni collegando passione e obiettivi.<\/li>\n<\/ul>\t\t\t\t\t\t<\/div>\n\t\t\t\t<\/div>\n\t\t\t\t\t<\/div>\n\t\t<\/div>\n\t\t\t\t\t\t\t<\/div>\n\t\t<\/section>\n\t\t\t\t\t\t<\/div>\n\t\t\t\t\t<\/div>\n\t\t","protected":false},"excerpt":{"rendered":"<p>UNIRE E FAR CRESCERE LA BASKETBALL COMMUNITY ITALIANA ATTRAVERSO UNA CULTURA INCLUSIVA. L\u2019INNOVATIVO COURT MLN \u00c8 UN SUPPORTO PER GIOCATORI, FAMIGLIE E SOCIET\u00c0 SENZA PRECEDENTI. \u00c9 IMPORTANTE RICORDARE CHE IL NOSTRO SCOPO NON \u00c8 INSEGNARE A GIOCARE A BASKET. PROTEGGEREMO I SOGNI DEI RAGAZZI AIUTANDOLI A COSTRUIRE IL LORO CARATTERE E LA LORO AUTOSTIMA. LE [&hellip;]<\/p>\n","protected":false},"author":1,"featured_media":0,"parent":0,"menu_order":0,"comment_status":"closed","ping_status":"closed","template":"","meta":{"footnotes":""},"class_list":["post-595","page","type-page","status-publish","hentry"],"yoast_head":"<!-- This site is optimized with the Yoast SEO plugin v18.0 - https:\/\/yoast.com\/wordpress\/plugins\/seo\/ -->\n<title>MISSION - COURT MLN<\/title>\n<meta name=\"robots\" content=\"index, follow, max-snippet:-1, max-image-preview:large, max-video-preview:-1\" \/>\n<link rel=\"canonical\" href=\"https:\/\/www.courtmln.com\/shop\/mission\/\" \/>\n<meta property=\"og:locale\" content=\"it_IT\" \/>\n<meta property=\"og:type\" content=\"article\" \/>\n<meta property=\"og:title\" content=\"MISSION - COURT MLN\" \/>\n<meta property=\"og:description\" content=\"UNIRE E FAR CRESCERE LA BASKETBALL COMMUNITY ITALIANA ATTRAVERSO UNA CULTURA INCLUSIVA. L\u2019INNOVATIVO COURT MLN \u00c8 UN SUPPORTO PER GIOCATORI, FAMIGLIE E SOCIET\u00c0 SENZA PRECEDENTI. \u00c9 IMPORTANTE RICORDARE CHE IL NOSTRO SCOPO NON \u00c8 INSEGNARE A GIOCARE A BASKET. PROTEGGEREMO I SOGNI DEI RAGAZZI AIUTANDOLI A COSTRUIRE IL LORO CARATTERE E LA LORO AUTOSTIMA. LE [&hellip;]\" \/>\n<meta property=\"og:url\" content=\"https:\/\/www.courtmln.com\/shop\/mission\/\" \/>\n<meta property=\"og:site_name\" content=\"COURT MLN\" \/>\n<meta property=\"article:modified_time\" content=\"2022-02-01T16:40:22+00:00\" \/>\n<meta property=\"og:image\" content=\"https:\/\/www.courtmln.com\/shop\/wp-content\/uploads\/2021\/11\/mission-court-milano.jpg\" \/>\n<meta name=\"twitter:card\" content=\"summary_large_image\" \/>\n<meta name=\"twitter:label1\" content=\"Tempo di lettura stimato\" \/>\n\t<meta name=\"twitter:data1\" content=\"2 minuti\" \/>\n<script type=\"application\/ld+json\" class=\"yoast-schema-graph\">{\"@context\":\"https:\/\/schema.org\",\"@graph\":[{\"@type\":\"Organization\",\"@id\":\"https:\/\/www.courtmln.com\/shop\/#organization\",\"name\":\"Court MLN\",\"url\":\"https:\/\/www.courtmln.com\/shop\/\",\"sameAs\":[\"https:\/\/www.instagram.com\/court.mln\",\"https:\/\/www.youtube.com\/channel\/UCNGedLBiHuYda3ZgupJpucw\"],\"logo\":{\"@type\":\"ImageObject\",\"@id\":\"https:\/\/www.courtmln.com\/shop\/#logo\",\"inLanguage\":\"it-IT\",\"url\":\"https:\/\/www.courtmln.com\/shop\/wp-content\/uploads\/2021\/11\/cropped-court-milano-basket-indoor.png\",\"contentUrl\":\"https:\/\/www.courtmln.com\/shop\/wp-content\/uploads\/2021\/11\/cropped-court-milano-basket-indoor.png\",\"width\":512,\"height\":512,\"caption\":\"Court MLN\"},\"image\":{\"@id\":\"https:\/\/www.courtmln.com\/shop\/#logo\"}},{\"@type\":\"WebSite\",\"@id\":\"https:\/\/www.courtmln.com\/shop\/#website\",\"url\":\"https:\/\/www.courtmln.com\/shop\/\",\"name\":\"COURT MLN\",\"description\":\"Primo centro di indoor in Italia - Milano\",\"publisher\":{\"@id\":\"https:\/\/www.courtmln.com\/shop\/#organization\"},\"potentialAction\":[{\"@type\":\"SearchAction\",\"target\":{\"@type\":\"EntryPoint\",\"urlTemplate\":\"https:\/\/www.courtmln.com\/shop\/?s={search_term_string}\"},\"query-input\":\"required name=search_term_string\"}],\"inLanguage\":\"it-IT\"},{\"@type\":\"ImageObject\",\"@id\":\"https:\/\/www.courtmln.com\/shop\/mission\/#primaryimage\",\"inLanguage\":\"it-IT\",\"url\":\"https:\/\/www.courtmln.com\/shop\/wp-content\/uploads\/2021\/11\/mission-court-milano.jpg\",\"contentUrl\":\"https:\/\/www.courtmln.com\/shop\/wp-content\/uploads\/2021\/11\/mission-court-milano.jpg\",\"width\":1200,\"height\":800},{\"@type\":\"WebPage\",\"@id\":\"https:\/\/www.courtmln.com\/shop\/mission\/#webpage\",\"url\":\"https:\/\/www.courtmln.com\/shop\/mission\/\",\"name\":\"MISSION - COURT MLN\",\"isPartOf\":{\"@id\":\"https:\/\/www.courtmln.com\/shop\/#website\"},\"primaryImageOfPage\":{\"@id\":\"https:\/\/www.courtmln.com\/shop\/mission\/#primaryimage\"},\"datePublished\":\"2021-11-25T15:53:56+00:00\",\"dateModified\":\"2022-02-01T16:40:22+00:00\",\"breadcrumb\":{\"@id\":\"https:\/\/www.courtmln.com\/shop\/mission\/#breadcrumb\"},\"inLanguage\":\"it-IT\",\"potentialAction\":[{\"@type\":\"ReadAction\",\"target\":[\"https:\/\/www.courtmln.com\/shop\/mission\/\"]}]},{\"@type\":\"BreadcrumbList\",\"@id\":\"https:\/\/www.courtmln.com\/shop\/mission\/#breadcrumb\",\"itemListElement\":[{\"@type\":\"ListItem\",\"position\":1,\"name\":\"MISSION\"}]}]}<\/script>\n<!-- \/ Yoast SEO plugin. -->","yoast_head_json":{"title":"MISSION - COURT MLN","robots":{"index":"index","follow":"follow","max-snippet":"max-snippet:-1","max-image-preview":"max-image-preview:large","max-video-preview":"max-video-preview:-1"},"canonical":"https:\/\/www.courtmln.com\/shop\/mission\/","og_locale":"it_IT","og_type":"article","og_title":"MISSION - COURT MLN","og_description":"UNIRE E FAR CRESCERE LA BASKETBALL COMMUNITY ITALIANA ATTRAVERSO UNA CULTURA INCLUSIVA. L\u2019INNOVATIVO COURT MLN \u00c8 UN SUPPORTO PER GIOCATORI, FAMIGLIE E SOCIET\u00c0 SENZA PRECEDENTI. \u00c9 IMPORTANTE RICORDARE CHE IL NOSTRO SCOPO NON \u00c8 INSEGNARE A GIOCARE A BASKET. PROTEGGEREMO I SOGNI DEI RAGAZZI AIUTANDOLI A COSTRUIRE IL LORO CARATTERE E LA LORO AUTOSTIMA. LE [&hellip;]","og_url":"https:\/\/www.courtmln.com\/shop\/mission\/","og_site_name":"COURT MLN","article_modified_time":"2022-02-01T16:40:22+00:00","og_image":[{"url":"https:\/\/www.courtmln.com\/shop\/wp-content\/uploads\/2021\/11\/mission-court-milano.jpg"}],"twitter_card":"summary_large_image","twitter_misc":{"Tempo di lettura stimato":"2 minuti"},"schema":{"@context":"https:\/\/schema.org","@graph":[{"@type":"Organization","@id":"https:\/\/www.courtmln.com\/shop\/#organization","name":"Court MLN","url":"https:\/\/www.courtmln.com\/shop\/","sameAs":["https:\/\/www.instagram.com\/court.mln","https:\/\/www.youtube.com\/channel\/UCNGedLBiHuYda3ZgupJpucw"],"logo":{"@type":"ImageObject","@id":"https:\/\/www.courtmln.com\/shop\/#logo","inLanguage":"it-IT","url":"https:\/\/www.courtmln.com\/shop\/wp-content\/uploads\/2021\/11\/cropped-court-milano-basket-indoor.png","contentUrl":"https:\/\/www.courtmln.com\/shop\/wp-content\/uploads\/2021\/11\/cropped-court-milano-basket-indoor.png","width":512,"height":512,"caption":"Court MLN"},"image":{"@id":"https:\/\/www.courtmln.com\/shop\/#logo"}},{"@type":"WebSite","@id":"https:\/\/www.courtmln.com\/shop\/#website","url":"https:\/\/www.courtmln.com\/shop\/","name":"COURT MLN","description":"Primo centro di indoor in Italia - Milano","publisher":{"@id":"https:\/\/www.courtmln.com\/shop\/#organization"},"potentialAction":[{"@type":"SearchAction","target":{"@type":"EntryPoint","urlTemplate":"https:\/\/www.courtmln.com\/shop\/?s={search_term_string}"},"query-input":"required name=search_term_string"}],"inLanguage":"it-IT"},{"@type":"ImageObject","@id":"https:\/\/www.courtmln.com\/shop\/mission\/#primaryimage","inLanguage":"it-IT","url":"https:\/\/www.courtmln.com\/shop\/wp-content\/uploads\/2021\/11\/mission-court-milano.jpg","contentUrl":"https:\/\/www.courtmln.com\/shop\/wp-content\/uploads\/2021\/11\/mission-court-milano.jpg","width":1200,"height":800},{"@type":"WebPage","@id":"https:\/\/www.courtmln.com\/shop\/mission\/#webpage","url":"https:\/\/www.courtmln.com\/shop\/mission\/","name":"MISSION - COURT MLN","isPartOf":{"@id":"https:\/\/www.courtmln.com\/shop\/#website"},"primaryImageOfPage":{"@id":"https:\/\/www.courtmln.com\/shop\/mission\/#primaryimage"},"datePublished":"2021-11-25T15:53:56+00:00","dateModified":"2022-02-01T16:40:22+00:00","breadcrumb":{"@id":"https:\/\/www.courtmln.com\/shop\/mission\/#breadcrumb"},"inLanguage":"it-IT","potentialAction":[{"@type":"ReadAction","target":["https:\/\/www.courtmln.com\/shop\/mission\/"]}]},{"@type":"BreadcrumbList","@id":"https:\/\/www.courtmln.com\/shop\/mission\/#breadcrumb","itemListElement":[{"@type":"ListItem","position":1,"name":"MISSION"}]}]}},"_links":{"self":[{"href":"https:\/\/www.courtmln.com\/shop\/wp-json\/wp\/v2\/pages\/595","targetHints":{"allow":["GET"]}}],"collection":[{"href":"https:\/\/www.courtmln.com\/shop\/wp-json\/wp\/v2\/pages"}],"about":[{"href":"https:\/\/www.courtmln.com\/shop\/wp-json\/wp\/v2\/types\/page"}],"author":[{"embeddable":true,"href":"https:\/\/www.courtmln.com\/shop\/wp-json\/wp\/v2\/users\/1"}],"replies":[{"embeddable":true,"href":"https:\/\/www.courtmln.com\/shop\/wp-json\/wp\/v2\/comments?post=595"}],"version-history":[{"count":75,"href":"https:\/\/www.courtmln.com\/shop\/wp-json\/wp\/v2\/pages\/595\/revisions"}],"predecessor-version":[{"id":1160,"href":"https:\/\/www.courtmln.com\/shop\/wp-json\/wp\/v2\/pages\/595\/revisions\/1160"}],"wp:attachment":[{"href":"https:\/\/www.courtmln.com\/shop\/wp-json\/wp\/v2\/media?parent=595"}],"curies":[{"name":"wp","href":"https:\/\/api.w.org\/{rel}","templated":true}]}}